{"id":109,"date":"2022-04-15T08:24:30","date_gmt":"2022-04-15T06:24:30","guid":{"rendered":"http:\/\/gitelemanon.com\/?page_id=109"},"modified":"2022-05-02T12:31:52","modified_gmt":"2022-05-02T10:31:52","slug":"louer-la-maison","status":"publish","type":"page","link":"https:\/\/gitelemanon.com\/index.php\/louer-la-maison\/","title":{"rendered":"Louer la maison"},"content":{"rendered":"\n<p>En louant le grand et le petit Manon, vous aurez ainsi la maison enti\u00e8re.<\/p>\n\n\n\n<p>La superficie sera alors de 350m2 et la capacit\u00e9 de 18 personnes<\/p>\n\n\n\n<p>Vous b\u00e9n\u00e9ficierez de  :<\/p>\n\n\n\n<ul class=\"wp-block-list\"><li>7 chambres<\/li><li>3 salles de bain\/douche<\/li><li>3 WC<\/li><li>des grandes pi\u00e8ces \u00e0 vivre du grand gite (salon, salle \u00e0 manger, salle de jeux)<\/li><li>de  l exclusivit\u00e9 du terrain et am\u00e9nagements ext\u00e9rieur ( salons de jardin, barbecue, jeux d enfants&#8230;)<\/li><\/ul>\n\n\n\n<p>Bon \u00e0 savoir:<\/p>\n\n\n\n<p><\/p>\n\n\n\n<ul class=\"wp-block-list\"><li>Il est possible avec suppl\u00e9ment que nous fassions le m\u00e9nage final et que nous vous fournissions les draps<\/li><li>Nous avons install\u00e9 un routeur, il y a donc un acc\u00e8s wifi mais qui peut \u00eatre capricieux&#8230;<\/li><li>La route, tr\u00e8s peu passante, est \u00e0 40 m\u00e8tres de la maison. En hiver, nous faisons d\u00e9neiger le chemin d acc\u00e8s par une association&#8230; il peut arriver que l acc\u00e8s soit difficile si il neige beaucoup, dans ce cas nous vous conseillons de vous garer sur le parking au bord de la route (40 m\u00e8tres). Evidemment des pelles \u00e0 neige sont \u00e0 votre disposition<\/li><li>Vous pouvez entreposer vos v\u00e9los ou vos skis dans le garage (pas les v\u00e9hicules) <\/li><\/ul>\n\n\n\n<figure class=\"wp-block-gallery has-nested-images columns-default is-cropped wp-block-gallery-1 is-layout-flex wp-block-gallery-is-layout-flex\">\n<figure class=\"wp-block-image size-large\"><img loading=\"lazy\" decoding=\"async\" width=\"857\" height=\"665\" data-id=\"98\" src=\"https:\/\/gitelemanon.com\/wp-content\/uploads\/2022\/04\/manongite1-e1649511303686.webp\" alt=\"\" class=\"wp-image-98\" srcset=\"https:\/\/gitelemanon.com\/wp-content\/uploads\/2022\/04\/manongite1-e1649511303686.webp 857w, https:\/\/gitelemanon.com\/wp-content\/uploads\/2022\/04\/manongite1-e1649511303686-300x233.webp 300w, https:\/\/gitelemanon.com\/wp-content\/uploads\/2022\/04\/manongite1-e1649511303686-768x596.webp 768w\" sizes=\"auto, (max-width: 857px) 100vw, 857px\" \/><figcaption>chalet gite le Manon en hiver<\/figcaption><\/figure>\n\n\n\n<figure class=\"wp-block-image size-large\"><img loading=\"lazy\" decoding=\"async\" width=\"1024\" height=\"768\" data-id=\"100\" src=\"https:\/\/gitelemanon.com\/wp-content\/uploads\/2022\/04\/manonmaison-1.webp\" alt=\"\" class=\"wp-image-100\" srcset=\"https:\/\/gitelemanon.com\/wp-content\/uploads\/2022\/04\/manonmaison-1.webp 1024w, https:\/\/gitelemanon.com\/wp-content\/uploads\/2022\/04\/manonmaison-1-300x225.webp 300w, https:\/\/gitelemanon.com\/wp-content\/uploads\/2022\/04\/manonmaison-1-768x576.webp 768w\" sizes=\"auto, (max-width: 1024px) 100vw, 1024px\" \/><figcaption>chalet gite le Manon en \u00e9t\u00e9<\/figcaption><\/figure>\n\n\n\n<figure class=\"wp-block-image size-large\"><img loading=\"lazy\" decoding=\"async\" width=\"1024\" height=\"768\" data-id=\"88\" src=\"https:\/\/gitelemanon.com\/wp-content\/uploads\/2022\/04\/traineaumanon1.webp\" alt=\"\" class=\"wp-image-88\" srcset=\"https:\/\/gitelemanon.com\/wp-content\/uploads\/2022\/04\/traineaumanon1.webp 1024w, https:\/\/gitelemanon.com\/wp-content\/uploads\/2022\/04\/traineaumanon1-300x225.webp 300w, https:\/\/gitelemanon.com\/wp-content\/uploads\/2022\/04\/traineaumanon1-768x576.webp 768w\" sizes=\"auto, (max-width: 1024px) 100vw, 1024px\" \/><figcaption>traineau au dessus du gite le  Manon<\/figcaption><\/figure>\n\n\n\n<figure class=\"wp-block-image size-large\"><img loading=\"lazy\" decoding=\"async\" width=\"1024\" height=\"685\" data-id=\"90\" src=\"https:\/\/gitelemanon.com\/wp-content\/uploads\/2022\/04\/laclamoura1.webp\" alt=\"\" class=\"wp-image-90\" srcset=\"https:\/\/gitelemanon.com\/wp-content\/uploads\/2022\/04\/laclamoura1.webp 1024w, https:\/\/gitelemanon.com\/wp-content\/uploads\/2022\/04\/laclamoura1-300x201.webp 300w, https:\/\/gitelemanon.com\/wp-content\/uploads\/2022\/04\/laclamoura1-768x514.webp 768w, https:\/\/gitelemanon.com\/wp-content\/uploads\/2022\/04\/laclamoura1-360x240.webp 360w\" sizes=\"auto, (max-width: 1024px) 100vw, 1024px\" \/><figcaption>Lac de Lamoura \u00e0 5 minutes du chalet gite le Manon<\/figcaption><\/figure>\n\n\n\n<figure class=\"wp-block-image size-large\"><img loading=\"lazy\" decoding=\"async\" width=\"1024\" height=\"618\" data-id=\"25\" src=\"https:\/\/gitelemanon.com\/wp-content\/uploads\/2022\/04\/salonmanon.jpg\" alt=\"salon gite le grand Manon\" class=\"wp-image-25\" srcset=\"https:\/\/gitelemanon.com\/wp-content\/uploads\/2022\/04\/salonmanon.jpg 1024w, https:\/\/gitelemanon.com\/wp-content\/uploads\/2022\/04\/salonmanon-300x181.jpg 300w, https:\/\/gitelemanon.com\/wp-content\/uploads\/2022\/04\/salonmanon-768x464.jpg 768w\" sizes=\"auto, (max-width: 1024px) 100vw, 1024px\" \/><figcaption>grande pi\u00e8ce \u00e0 vivre<\/figcaption><\/figure>\n\n\n\n<figure class=\"wp-block-image size-large\"><img loading=\"lazy\" decoding=\"async\" width=\"1024\" height=\"618\" data-id=\"21\" src=\"https:\/\/gitelemanon.com\/wp-content\/uploads\/2022\/04\/cuisinemanon.webp\" alt=\"\" class=\"wp-image-21\" srcset=\"https:\/\/gitelemanon.com\/wp-content\/uploads\/2022\/04\/cuisinemanon.webp 1024w, https:\/\/gitelemanon.com\/wp-content\/uploads\/2022\/04\/cuisinemanon-300x181.webp 300w, https:\/\/gitelemanon.com\/wp-content\/uploads\/2022\/04\/cuisinemanon-768x464.webp 768w\" sizes=\"auto, (max-width: 1024px) 100vw, 1024px\" \/><figcaption>cuisine avec \u00eelot centrale<\/figcaption><\/figure>\n\n\n\n<figure class=\"wp-block-image size-large\"><img loading=\"lazy\" decoding=\"async\" width=\"1024\" height=\"768\" data-id=\"22\" src=\"https:\/\/gitelemanon.com\/wp-content\/uploads\/2022\/04\/entreemanon.webp\" alt=\"\" class=\"wp-image-22\" srcset=\"https:\/\/gitelemanon.com\/wp-content\/uploads\/2022\/04\/entreemanon.webp 1024w, https:\/\/gitelemanon.com\/wp-content\/uploads\/2022\/04\/entreemanon-300x225.webp 300w, https:\/\/gitelemanon.com\/wp-content\/uploads\/2022\/04\/entreemanon-768x576.webp 768w\" sizes=\"auto, (max-width: 1024px) 100vw, 1024px\" \/><figcaption>entr\u00e9e et po\u00eale \u00e0 bois<\/figcaption><\/figure>\n\n\n\n<figure class=\"wp-block-image size-large\"><img loading=\"lazy\" decoding=\"async\" width=\"1024\" height=\"682\" data-id=\"23\" src=\"https:\/\/gitelemanon.com\/wp-content\/uploads\/2022\/04\/tablemanon.webp\" alt=\"\" class=\"wp-image-23\" srcset=\"https:\/\/gitelemanon.com\/wp-content\/uploads\/2022\/04\/tablemanon.webp 1024w, https:\/\/gitelemanon.com\/wp-content\/uploads\/2022\/04\/tablemanon-300x200.webp 300w, https:\/\/gitelemanon.com\/wp-content\/uploads\/2022\/04\/tablemanon-768x512.webp 768w\" sizes=\"auto, (max-width: 1024px) 100vw, 1024px\" \/><figcaption>salle \u00e0 manger<\/figcaption><\/figure>\n\n\n\n<figure class=\"wp-block-image size-large\"><img loading=\"lazy\" decoding=\"async\" width=\"1024\" height=\"657\" data-id=\"19\" src=\"https:\/\/gitelemanon.com\/wp-content\/uploads\/2022\/04\/chambre1manon.webp\" alt=\"\" class=\"wp-image-19\" srcset=\"https:\/\/gitelemanon.com\/wp-content\/uploads\/2022\/04\/chambre1manon.webp 1024w, https:\/\/gitelemanon.com\/wp-content\/uploads\/2022\/04\/chambre1manon-300x192.webp 300w, https:\/\/gitelemanon.com\/wp-content\/uploads\/2022\/04\/chambre1manon-768x493.webp 768w\" sizes=\"auto, (max-width: 1024px) 100vw, 1024px\" \/><figcaption>chambre 1 avec  lit doublee<\/figcaption><\/figure>\n\n\n\n<figure class=\"wp-block-image size-large\"><img loading=\"lazy\" decoding=\"async\" width=\"1024\" height=\"618\" data-id=\"18\" src=\"https:\/\/gitelemanon.com\/wp-content\/uploads\/2022\/04\/chambre2manon.webp\" alt=\"\" class=\"wp-image-18\" srcset=\"https:\/\/gitelemanon.com\/wp-content\/uploads\/2022\/04\/chambre2manon.webp 1024w, https:\/\/gitelemanon.com\/wp-content\/uploads\/2022\/04\/chambre2manon-300x181.webp 300w, https:\/\/gitelemanon.com\/wp-content\/uploads\/2022\/04\/chambre2manon-768x464.webp 768w\" sizes=\"auto, (max-width: 1024px) 100vw, 1024px\" \/><figcaption>chambre 2 avec lit double et lit simple<\/figcaption><\/figure>\n\n\n\n<figure class=\"wp-block-image size-large\"><img loading=\"lazy\" decoding=\"async\" width=\"1024\" height=\"708\" data-id=\"17\" src=\"https:\/\/gitelemanon.com\/wp-content\/uploads\/2022\/04\/chambre3manon.jpg\" alt=\"\" class=\"wp-image-17\" srcset=\"https:\/\/gitelemanon.com\/wp-content\/uploads\/2022\/04\/chambre3manon.jpg 1024w, https:\/\/gitelemanon.com\/wp-content\/uploads\/2022\/04\/chambre3manon-300x207.jpg 300w, https:\/\/gitelemanon.com\/wp-content\/uploads\/2022\/04\/chambre3manon-768x531.jpg 768w\" sizes=\"auto, (max-width: 1024px) 100vw, 1024px\" \/><figcaption>chambre 3 avec lit double et canap\u00e9<\/figcaption><\/figure>\n\n\n\n<figure class=\"wp-block-image size-large\"><img loading=\"lazy\" decoding=\"async\" width=\"1024\" height=\"683\" data-id=\"16\" src=\"https:\/\/gitelemanon.com\/wp-content\/uploads\/2022\/04\/chambre4manon.webp\" alt=\"\" class=\"wp-image-16\" srcset=\"https:\/\/gitelemanon.com\/wp-content\/uploads\/2022\/04\/chambre4manon.webp 1024w, https:\/\/gitelemanon.com\/wp-content\/uploads\/2022\/04\/chambre4manon-300x200.webp 300w, https:\/\/gitelemanon.com\/wp-content\/uploads\/2022\/04\/chambre4manon-768x512.webp 768w\" sizes=\"auto, (max-width: 1024px) 100vw, 1024px\" \/><figcaption>chambre 4 avec 2 lits simples<\/figcaption><\/figure>\n\n\n\n<figure class=\"wp-block-image size-large\"><img loading=\"lazy\" decoding=\"async\" width=\"1024\" height=\"670\" data-id=\"15\" src=\"https:\/\/gitelemanon.com\/wp-content\/uploads\/2022\/04\/chambre5manon.webp\" alt=\"\" class=\"wp-image-15\" srcset=\"https:\/\/gitelemanon.com\/wp-content\/uploads\/2022\/04\/chambre5manon.webp 1024w, https:\/\/gitelemanon.com\/wp-content\/uploads\/2022\/04\/chambre5manon-300x196.webp 300w, https:\/\/gitelemanon.com\/wp-content\/uploads\/2022\/04\/chambre5manon-768x503.webp 768w\" sizes=\"auto, (max-width: 1024px) 100vw, 1024px\" \/><figcaption>chambre 6 avec 3 lits simple<\/figcaption><\/figure>\n\n\n\n<figure class=\"wp-block-image size-large\"><img loading=\"lazy\" decoding=\"async\" width=\"1024\" height=\"651\" data-id=\"14\" src=\"https:\/\/gitelemanon.com\/wp-content\/uploads\/2022\/04\/chambre6manon.webp\" alt=\"\" class=\"wp-image-14\" srcset=\"https:\/\/gitelemanon.com\/wp-content\/uploads\/2022\/04\/chambre6manon.webp 1024w, https:\/\/gitelemanon.com\/wp-content\/uploads\/2022\/04\/chambre6manon-300x191.webp 300w, https:\/\/gitelemanon.com\/wp-content\/uploads\/2022\/04\/chambre6manon-768x488.webp 768w\" sizes=\"auto, (max-width: 1024px) 100vw, 1024px\" \/><figcaption>chambre 5 avec 2 lits simples<\/figcaption><\/figure>\n\n\n\n<figure class=\"wp-block-image size-large\"><img loading=\"lazy\" decoding=\"async\" width=\"1024\" height=\"640\" data-id=\"13\" src=\"https:\/\/gitelemanon.com\/wp-content\/uploads\/2022\/04\/sdjmanon.jpg\" alt=\"\" class=\"wp-image-13\" srcset=\"https:\/\/gitelemanon.com\/wp-content\/uploads\/2022\/04\/sdjmanon.jpg 1024w, https:\/\/gitelemanon.com\/wp-content\/uploads\/2022\/04\/sdjmanon-300x188.jpg 300w, https:\/\/gitelemanon.com\/wp-content\/uploads\/2022\/04\/sdjmanon-768x480.jpg 768w\" sizes=\"auto, (max-width: 1024px) 100vw, 1024px\" \/><figcaption>salle de jeux en mezzanine<\/figcaption><\/figure>\n\n\n\n<figure class=\"wp-block-image size-large\"><img loading=\"lazy\" decoding=\"async\" width=\"965\" height=\"586\" data-id=\"95\" src=\"https:\/\/gitelemanon.com\/wp-content\/uploads\/2022\/04\/petitmanoncuisine-e1649507108495.webp\" alt=\"chalet maison gite du Manon haut jura\" class=\"wp-image-95\" srcset=\"https:\/\/gitelemanon.com\/wp-content\/uploads\/2022\/04\/petitmanoncuisine-e1649507108495.webp 965w, https:\/\/gitelemanon.com\/wp-content\/uploads\/2022\/04\/petitmanoncuisine-e1649507108495-300x182.webp 300w, https:\/\/gitelemanon.com\/wp-content\/uploads\/2022\/04\/petitmanoncuisine-e1649507108495-768x466.webp 768w\" sizes=\"auto, (max-width: 965px) 100vw, 965px\" \/><figcaption>cuisine du petit Manon<\/figcaption><\/figure>\n\n\n\n<figure class=\"wp-block-image size-large\"><img loading=\"lazy\" decoding=\"async\" width=\"1024\" height=\"683\" data-id=\"93\" src=\"https:\/\/gitelemanon.com\/wp-content\/uploads\/2022\/04\/petitmanonchambre.webp\" alt=\"\" class=\"wp-image-93\" srcset=\"https:\/\/gitelemanon.com\/wp-content\/uploads\/2022\/04\/petitmanonchambre.webp 1024w, https:\/\/gitelemanon.com\/wp-content\/uploads\/2022\/04\/petitmanonchambre-300x200.webp 300w, https:\/\/gitelemanon.com\/wp-content\/uploads\/2022\/04\/petitmanonchambre-768x512.webp 768w, https:\/\/gitelemanon.com\/wp-content\/uploads\/2022\/04\/petitmanonchambre-360x240.webp 360w\" sizes=\"auto, (max-width: 1024px) 100vw, 1024px\" \/><figcaption>chambre du petit manon<\/figcaption><\/figure>\n<\/figure>\n","protected":false},"excerpt":{"rendered":"<p>En louant le grand et le petit Manon, vous aurez ainsi la maison enti\u00e8re. La superficie sera alors de 350m2 et la capacit\u00e9 de 18 personnes Vous b\u00e9n\u00e9ficierez de : 7 chambres 3 salles de bain\/douche 3 WC des grandes pi\u00e8ces \u00e0 vivre du grand gite (salon, salle \u00e0 manger, [&hellip;]<\/p>\n","protected":false},"author":1,"featured_media":98,"parent":0,"menu_order":0,"comment_status":"closed","ping_status":"closed","template":"","meta":{"om_disable_all_campaigns":false,"_monsterinsights_skip_tracking":false,"_monsterinsights_sitenote_active":false,"_monsterinsights_sitenote_note":"","_monsterinsights_sitenote_category":0,"footnotes":""},"class_list":["post-109","page","type-page","status-publish","has-post-thumbnail","hentry"],"aioseo_notices":[],"yoast_head":"<!-- This site is optimized with the Yoast SEO plugin v25.9 - https:\/\/yoast.com\/wordpress\/plugins\/seo\/ -->\n<title>Louer la maison - Gite le Manon Haut Jura<\/title>\n<meta name=\"robots\" content=\"index, follow, max-snippet:-1, max-image-preview:large, max-video-preview:-1\" \/>\n<link rel=\"canonical\" href=\"https:\/\/gitelemanon.com\/index.php\/louer-la-maison\/\" \/>\n<meta property=\"og:locale\" content=\"fr_FR\" \/>\n<meta property=\"og:type\" content=\"article\" \/>\n<meta property=\"og:title\" content=\"Louer la maison - Gite le Manon Haut Jura\" \/>\n<meta property=\"og:description\" content=\"En louant le grand et le petit Manon, vous aurez ainsi la maison enti\u00e8re. La superficie sera alors de 350m2 et la capacit\u00e9 de 18 personnes Vous b\u00e9n\u00e9ficierez de : 7 chambres 3 salles de bain\/douche 3 WC des grandes pi\u00e8ces \u00e0 vivre du grand gite (salon, salle \u00e0 manger, [&hellip;]\" \/>\n<meta property=\"og:url\" content=\"https:\/\/gitelemanon.com\/index.php\/louer-la-maison\/\" \/>\n<meta property=\"og:site_name\" content=\"Gite le Manon Haut Jura\" \/>\n<meta property=\"article:modified_time\" content=\"2022-05-02T10:31:52+00:00\" \/>\n<meta property=\"og:image\" content=\"https:\/\/gitelemanon.com\/wp-content\/uploads\/2022\/04\/manongite1-e1649511303686.webp\" \/>\n\t<meta property=\"og:image:width\" content=\"857\" \/>\n\t<meta property=\"og:image:height\" content=\"665\" \/>\n\t<meta property=\"og:image:type\" content=\"image\/webp\" \/>\n<meta name=\"twitter:card\" content=\"summary_large_image\" \/>\n<meta name=\"twitter:label1\" content=\"Dur\u00e9e de lecture estim\u00e9e\" \/>\n\t<meta name=\"twitter:data1\" content=\"1 minute\" \/>\n<script type=\"application\/ld+json\" class=\"yoast-schema-graph\">{\"@context\":\"https:\/\/schema.org\",\"@graph\":[{\"@type\":\"WebPage\",\"@id\":\"https:\/\/gitelemanon.com\/index.php\/louer-la-maison\/\",\"url\":\"https:\/\/gitelemanon.com\/index.php\/louer-la-maison\/\",\"name\":\"Louer la maison - Gite le Manon Haut Jura\",\"isPartOf\":{\"@id\":\"https:\/\/gitelemanon.com\/#website\"},\"primaryImageOfPage\":{\"@id\":\"https:\/\/gitelemanon.com\/index.php\/louer-la-maison\/#primaryimage\"},\"image\":{\"@id\":\"https:\/\/gitelemanon.com\/index.php\/louer-la-maison\/#primaryimage\"},\"thumbnailUrl\":\"https:\/\/gitelemanon.com\/wp-content\/uploads\/2022\/04\/manongite1-e1649511303686.webp\",\"datePublished\":\"2022-04-15T06:24:30+00:00\",\"dateModified\":\"2022-05-02T10:31:52+00:00\",\"breadcrumb\":{\"@id\":\"https:\/\/gitelemanon.com\/index.php\/louer-la-maison\/#breadcrumb\"},\"inLanguage\":\"fr-FR\",\"potentialAction\":[{\"@type\":\"ReadAction\",\"target\":[\"https:\/\/gitelemanon.com\/index.php\/louer-la-maison\/\"]}]},{\"@type\":\"ImageObject\",\"inLanguage\":\"fr-FR\",\"@id\":\"https:\/\/gitelemanon.com\/index.php\/louer-la-maison\/#primaryimage\",\"url\":\"https:\/\/gitelemanon.com\/wp-content\/uploads\/2022\/04\/manongite1-e1649511303686.webp\",\"contentUrl\":\"https:\/\/gitelemanon.com\/wp-content\/uploads\/2022\/04\/manongite1-e1649511303686.webp\",\"width\":857,\"height\":665,\"caption\":\"chalet gite le Manon en hiver\"},{\"@type\":\"BreadcrumbList\",\"@id\":\"https:\/\/gitelemanon.com\/index.php\/louer-la-maison\/#breadcrumb\",\"itemListElement\":[{\"@type\":\"ListItem\",\"position\":1,\"name\":\"Accueil\",\"item\":\"https:\/\/gitelemanon.com\/\"},{\"@type\":\"ListItem\",\"position\":2,\"name\":\"Louer la maison\"}]},{\"@type\":\"WebSite\",\"@id\":\"https:\/\/gitelemanon.com\/#website\",\"url\":\"https:\/\/gitelemanon.com\/\",\"name\":\"Gite le Manon Haut Jura\",\"description\":\"Vos vacances nature\",\"potentialAction\":[{\"@type\":\"SearchAction\",\"target\":{\"@type\":\"EntryPoint\",\"urlTemplate\":\"https:\/\/gitelemanon.com\/?s={search_term_string}\"},\"query-input\":{\"@type\":\"PropertyValueSpecification\",\"valueRequired\":true,\"valueName\":\"search_term_string\"}}],\"inLanguage\":\"fr-FR\"}]}<\/script>\n<!-- \/ Yoast SEO plugin. -->","yoast_head_json":{"title":"Louer la maison - Gite le Manon Haut Jura","robots":{"index":"index","follow":"follow","max-snippet":"max-snippet:-1","max-image-preview":"max-image-preview:large","max-video-preview":"max-video-preview:-1"},"canonical":"https:\/\/gitelemanon.com\/index.php\/louer-la-maison\/","og_locale":"fr_FR","og_type":"article","og_title":"Louer la maison - Gite le Manon Haut Jura","og_description":"En louant le grand et le petit Manon, vous aurez ainsi la maison enti\u00e8re. La superficie sera alors de 350m2 et la capacit\u00e9 de 18 personnes Vous b\u00e9n\u00e9ficierez de : 7 chambres 3 salles de bain\/douche 3 WC des grandes pi\u00e8ces \u00e0 vivre du grand gite (salon, salle \u00e0 manger, [&hellip;]","og_url":"https:\/\/gitelemanon.com\/index.php\/louer-la-maison\/","og_site_name":"Gite le Manon Haut Jura","article_modified_time":"2022-05-02T10:31:52+00:00","og_image":[{"width":857,"height":665,"url":"https:\/\/gitelemanon.com\/wp-content\/uploads\/2022\/04\/manongite1-e1649511303686.webp","type":"image\/webp"}],"twitter_card":"summary_large_image","twitter_misc":{"Dur\u00e9e de lecture estim\u00e9e":"1 minute"},"schema":{"@context":"https:\/\/schema.org","@graph":[{"@type":"WebPage","@id":"https:\/\/gitelemanon.com\/index.php\/louer-la-maison\/","url":"https:\/\/gitelemanon.com\/index.php\/louer-la-maison\/","name":"Louer la maison - Gite le Manon Haut Jura","isPartOf":{"@id":"https:\/\/gitelemanon.com\/#website"},"primaryImageOfPage":{"@id":"https:\/\/gitelemanon.com\/index.php\/louer-la-maison\/#primaryimage"},"image":{"@id":"https:\/\/gitelemanon.com\/index.php\/louer-la-maison\/#primaryimage"},"thumbnailUrl":"https:\/\/gitelemanon.com\/wp-content\/uploads\/2022\/04\/manongite1-e1649511303686.webp","datePublished":"2022-04-15T06:24:30+00:00","dateModified":"2022-05-02T10:31:52+00:00","breadcrumb":{"@id":"https:\/\/gitelemanon.com\/index.php\/louer-la-maison\/#breadcrumb"},"inLanguage":"fr-FR","potentialAction":[{"@type":"ReadAction","target":["https:\/\/gitelemanon.com\/index.php\/louer-la-maison\/"]}]},{"@type":"ImageObject","inLanguage":"fr-FR","@id":"https:\/\/gitelemanon.com\/index.php\/louer-la-maison\/#primaryimage","url":"https:\/\/gitelemanon.com\/wp-content\/uploads\/2022\/04\/manongite1-e1649511303686.webp","contentUrl":"https:\/\/gitelemanon.com\/wp-content\/uploads\/2022\/04\/manongite1-e1649511303686.webp","width":857,"height":665,"caption":"chalet gite le Manon en hiver"},{"@type":"BreadcrumbList","@id":"https:\/\/gitelemanon.com\/index.php\/louer-la-maison\/#breadcrumb","itemListElement":[{"@type":"ListItem","position":1,"name":"Accueil","item":"https:\/\/gitelemanon.com\/"},{"@type":"ListItem","position":2,"name":"Louer la maison"}]},{"@type":"WebSite","@id":"https:\/\/gitelemanon.com\/#website","url":"https:\/\/gitelemanon.com\/","name":"Gite le Manon Haut Jura","description":"Vos vacances nature","potentialAction":[{"@type":"SearchAction","target":{"@type":"EntryPoint","urlTemplate":"https:\/\/gitelemanon.com\/?s={search_term_string}"},"query-input":{"@type":"PropertyValueSpecification","valueRequired":true,"valueName":"search_term_string"}}],"inLanguage":"fr-FR"}]}},"_links":{"self":[{"href":"https:\/\/gitelemanon.com\/index.php\/wp-json\/wp\/v2\/pages\/109","targetHints":{"allow":["GET"]}}],"collection":[{"href":"https:\/\/gitelemanon.com\/index.php\/wp-json\/wp\/v2\/pages"}],"about":[{"href":"https:\/\/gitelemanon.com\/index.php\/wp-json\/wp\/v2\/types\/page"}],"author":[{"embeddable":true,"href":"https:\/\/gitelemanon.com\/index.php\/wp-json\/wp\/v2\/users\/1"}],"replies":[{"embeddable":true,"href":"https:\/\/gitelemanon.com\/index.php\/wp-json\/wp\/v2\/comments?post=109"}],"version-history":[{"count":3,"href":"https:\/\/gitelemanon.com\/index.php\/wp-json\/wp\/v2\/pages\/109\/revisions"}],"predecessor-version":[{"id":164,"href":"https:\/\/gitelemanon.com\/index.php\/wp-json\/wp\/v2\/pages\/109\/revisions\/164"}],"wp:featuredmedia":[{"embeddable":true,"href":"https:\/\/gitelemanon.com\/index.php\/wp-json\/wp\/v2\/media\/98"}],"wp:attachment":[{"href":"https:\/\/gitelemanon.com\/index.php\/wp-json\/wp\/v2\/media?parent=109"}],"curies":[{"name":"wp","href":"https:\/\/api.w.org\/{rel}","templated":true}]}}