{"id":4,"date":"2022-04-15T08:23:56","date_gmt":"2022-04-15T06:23:56","guid":{"rendered":"http:\/\/gitelemanon.com\/?page_id=4"},"modified":"2022-05-02T11:54:58","modified_gmt":"2022-05-02T09:54:58","slug":"le-petit-manon","status":"publish","type":"page","link":"https:\/\/gitelemanon.com\/index.php\/le-petit-manon\/","title":{"rendered":"Le petit Manon"},"content":{"rendered":"\n<p>Vous \u00eates ici dans l&rsquo;ancien appartement du berger.<\/p>\n\n\n\n<p>Il s&rsquo;agit d&rsquo;un 2 pi\u00e8ces situ\u00e9 en rez de chauss\u00e9e d&rsquo;une superficie de 35m2 et d une capacit\u00e9 de 4 personnes<\/p>\n\n\n\n<p>Vous y trouverez:<\/p>\n\n\n\n<ul class=\"wp-block-list\"><li>Une pi\u00e8ce \u00e0 vivre avec un coin cuisine \u00e9quip\u00e9 (plaques vitroc\u00e9ramiques, mini four, micro ondes, grille pain, cafeti\u00e8re&#8230;) et un coin salon (canap\u00e9 convertible, TV et lecteur DVD)<\/li><li>Une chambre avec un lit en 140 et un placard mural<\/li><li>Une salle de douche<\/li><li>Un WC<\/li><li>La chaufferie, permettant de faire s\u00e9cher les v\u00eatements de skis<\/li><li>Un lave linge est \u00e0 disposition dans le garage<\/li><li>salon de jardin et parasol en ext\u00e9rieur<\/li><\/ul>\n\n\n\n<figure class=\"wp-block-gallery has-nested-images columns-default is-cropped wp-block-gallery-1 is-layout-flex wp-block-gallery-is-layout-flex\">\n<figure class=\"wp-block-image size-large\"><img loading=\"lazy\" decoding=\"async\" width=\"965\" height=\"586\" data-id=\"95\" src=\"https:\/\/gitelemanon.com\/wp-content\/uploads\/2022\/04\/petitmanoncuisine-e1649507108495.webp\" alt=\"cuisine du petit manon\" class=\"wp-image-95\" srcset=\"https:\/\/gitelemanon.com\/wp-content\/uploads\/2022\/04\/petitmanoncuisine-e1649507108495.webp 965w, https:\/\/gitelemanon.com\/wp-content\/uploads\/2022\/04\/petitmanoncuisine-e1649507108495-300x182.webp 300w, https:\/\/gitelemanon.com\/wp-content\/uploads\/2022\/04\/petitmanoncuisine-e1649507108495-768x466.webp 768w\" sizes=\"auto, (max-width: 965px) 100vw, 965px\" \/><figcaption>cuisine du petit Manon<\/figcaption><\/figure>\n\n\n\n<figure class=\"wp-block-image size-large\"><img loading=\"lazy\" decoding=\"async\" width=\"1024\" height=\"768\" data-id=\"96\" src=\"https:\/\/gitelemanon.com\/wp-content\/uploads\/2022\/04\/petitmanonsalon1.webp\" alt=\"\" class=\"wp-image-96\" srcset=\"https:\/\/gitelemanon.com\/wp-content\/uploads\/2022\/04\/petitmanonsalon1.webp 1024w, https:\/\/gitelemanon.com\/wp-content\/uploads\/2022\/04\/petitmanonsalon1-300x225.webp 300w, https:\/\/gitelemanon.com\/wp-content\/uploads\/2022\/04\/petitmanonsalon1-768x576.webp 768w\" sizes=\"auto, (max-width: 1024px) 100vw, 1024px\" \/><\/figure>\n\n\n\n<figure class=\"wp-block-image size-large\"><img loading=\"lazy\" decoding=\"async\" width=\"1024\" height=\"768\" data-id=\"97\" src=\"https:\/\/gitelemanon.com\/wp-content\/uploads\/2022\/04\/petitmanonsalon.webp\" alt=\"\" class=\"wp-image-97\" srcset=\"https:\/\/gitelemanon.com\/wp-content\/uploads\/2022\/04\/petitmanonsalon.webp 1024w, https:\/\/gitelemanon.com\/wp-content\/uploads\/2022\/04\/petitmanonsalon-300x225.webp 300w, https:\/\/gitelemanon.com\/wp-content\/uploads\/2022\/04\/petitmanonsalon-768x576.webp 768w\" sizes=\"auto, (max-width: 1024px) 100vw, 1024px\" \/><\/figure>\n\n\n\n<figure class=\"wp-block-image size-large\"><img loading=\"lazy\" decoding=\"async\" width=\"512\" height=\"768\" data-id=\"94\" src=\"https:\/\/gitelemanon.com\/wp-content\/uploads\/2022\/04\/petitmanonsdb.webp\" alt=\"\" class=\"wp-image-94\" srcset=\"https:\/\/gitelemanon.com\/wp-content\/uploads\/2022\/04\/petitmanonsdb.webp 512w, https:\/\/gitelemanon.com\/wp-content\/uploads\/2022\/04\/petitmanonsdb-200x300.webp 200w\" sizes=\"auto, (max-width: 512px) 100vw, 512px\" \/><\/figure>\n\n\n\n<figure class=\"wp-block-image size-large\"><img loading=\"lazy\" decoding=\"async\" width=\"1024\" height=\"683\" data-id=\"93\" src=\"https:\/\/gitelemanon.com\/wp-content\/uploads\/2022\/04\/petitmanonchambre.webp\" alt=\"\" class=\"wp-image-93\" srcset=\"https:\/\/gitelemanon.com\/wp-content\/uploads\/2022\/04\/petitmanonchambre.webp 1024w, https:\/\/gitelemanon.com\/wp-content\/uploads\/2022\/04\/petitmanonchambre-300x200.webp 300w, https:\/\/gitelemanon.com\/wp-content\/uploads\/2022\/04\/petitmanonchambre-768x512.webp 768w, https:\/\/gitelemanon.com\/wp-content\/uploads\/2022\/04\/petitmanonchambre-360x240.webp 360w\" sizes=\"auto, (max-width: 1024px) 100vw, 1024px\" \/><\/figure>\n\n\n\n<figure class=\"wp-block-image size-large\"><img loading=\"lazy\" decoding=\"async\" width=\"1024\" height=\"768\" data-id=\"99\" src=\"https:\/\/gitelemanon.com\/wp-content\/uploads\/2022\/04\/manongite.webp\" alt=\"\" class=\"wp-image-99\" srcset=\"https:\/\/gitelemanon.com\/wp-content\/uploads\/2022\/04\/manongite.webp 1024w, https:\/\/gitelemanon.com\/wp-content\/uploads\/2022\/04\/manongite-300x225.webp 300w, https:\/\/gitelemanon.com\/wp-content\/uploads\/2022\/04\/manongite-768x576.webp 768w\" sizes=\"auto, (max-width: 1024px) 100vw, 1024px\" \/><figcaption>gite  familial le Manon <\/figcaption><\/figure>\n\n\n\n<figure class=\"wp-block-image size-large\"><img loading=\"lazy\" decoding=\"async\" width=\"1024\" height=\"768\" data-id=\"100\" src=\"https:\/\/gitelemanon.com\/wp-content\/uploads\/2022\/04\/manonmaison-1.webp\" alt=\"\" class=\"wp-image-100\" srcset=\"https:\/\/gitelemanon.com\/wp-content\/uploads\/2022\/04\/manonmaison-1.webp 1024w, https:\/\/gitelemanon.com\/wp-content\/uploads\/2022\/04\/manonmaison-1-300x225.webp 300w, https:\/\/gitelemanon.com\/wp-content\/uploads\/2022\/04\/manonmaison-1-768x576.webp 768w\" sizes=\"auto, (max-width: 1024px) 100vw, 1024px\" \/><\/figure>\n\n\n\n<figure class=\"wp-block-image size-large\"><img loading=\"lazy\" decoding=\"async\" width=\"1024\" height=\"768\" data-id=\"85\" src=\"https:\/\/gitelemanon.com\/wp-content\/uploads\/2022\/04\/petitmanonentree.webp\" alt=\"\" class=\"wp-image-85\" srcset=\"https:\/\/gitelemanon.com\/wp-content\/uploads\/2022\/04\/petitmanonentree.webp 1024w, https:\/\/gitelemanon.com\/wp-content\/uploads\/2022\/04\/petitmanonentree-300x225.webp 300w, https:\/\/gitelemanon.com\/wp-content\/uploads\/2022\/04\/petitmanonentree-768x576.webp 768w\" sizes=\"auto, (max-width: 1024px) 100vw, 1024px\" \/><\/figure>\n\n\n\n<figure class=\"wp-block-image size-large\"><img loading=\"lazy\" decoding=\"async\" width=\"1024\" height=\"685\" data-id=\"87\" src=\"https:\/\/gitelemanon.com\/wp-content\/uploads\/2022\/04\/manongite2.webp\" alt=\"chalet le manon dans le haut jura\" class=\"wp-image-87\" srcset=\"https:\/\/gitelemanon.com\/wp-content\/uploads\/2022\/04\/manongite2.webp 1024w, https:\/\/gitelemanon.com\/wp-content\/uploads\/2022\/04\/manongite2-300x201.webp 300w, https:\/\/gitelemanon.com\/wp-content\/uploads\/2022\/04\/manongite2-768x514.webp 768w, https:\/\/gitelemanon.com\/wp-content\/uploads\/2022\/04\/manongite2-360x240.webp 360w\" sizes=\"auto, (max-width: 1024px) 100vw, 1024px\" \/><\/figure>\n<\/figure>\n","protected":false},"excerpt":{"rendered":"<p>Vous \u00eates ici dans l&rsquo;ancien appartement du berger. Il s&rsquo;agit d&rsquo;un 2 pi\u00e8ces situ\u00e9 en rez de chauss\u00e9e d&rsquo;une superficie de 35m2 et d une capacit\u00e9 de 4 personnes Vous y trouverez: Une pi\u00e8ce \u00e0 vivre avec un coin cuisine \u00e9quip\u00e9 (plaques vitroc\u00e9ramiques, mini four, micro ondes, grille pain, cafeti\u00e8re&#8230;) [&hellip;]<\/p>\n","protected":false},"author":1,"featured_media":95,"parent":0,"menu_order":0,"comment_status":"closed","ping_status":"closed","template":"","meta":{"om_disable_all_campaigns":false,"_monsterinsights_skip_tracking":false,"_monsterinsights_sitenote_active":false,"_monsterinsights_sitenote_note":"","_monsterinsights_sitenote_category":0,"footnotes":""},"class_list":["post-4","page","type-page","status-publish","has-post-thumbnail","hentry"],"aioseo_notices":[],"yoast_head":"<!-- This site is optimized with the Yoast SEO plugin v25.9 - https:\/\/yoast.com\/wordpress\/plugins\/seo\/ -->\n<title>Le petit Manon - Gite le Manon Haut Jura<\/title>\n<meta name=\"robots\" content=\"index, follow, max-snippet:-1, max-image-preview:large, max-video-preview:-1\" \/>\n<link rel=\"canonical\" href=\"https:\/\/gitelemanon.com\/index.php\/le-petit-manon\/\" \/>\n<meta property=\"og:locale\" content=\"fr_FR\" \/>\n<meta property=\"og:type\" content=\"article\" \/>\n<meta property=\"og:title\" content=\"Le petit Manon - Gite le Manon Haut Jura\" \/>\n<meta property=\"og:description\" content=\"Vous \u00eates ici dans l&rsquo;ancien appartement du berger. Il s&rsquo;agit d&rsquo;un 2 pi\u00e8ces situ\u00e9 en rez de chauss\u00e9e d&rsquo;une superficie de 35m2 et d une capacit\u00e9 de 4 personnes Vous y trouverez: Une pi\u00e8ce \u00e0 vivre avec un coin cuisine \u00e9quip\u00e9 (plaques vitroc\u00e9ramiques, mini four, micro ondes, grille pain, cafeti\u00e8re&#8230;) [&hellip;]\" \/>\n<meta property=\"og:url\" content=\"https:\/\/gitelemanon.com\/index.php\/le-petit-manon\/\" \/>\n<meta property=\"og:site_name\" content=\"Gite le Manon Haut Jura\" \/>\n<meta property=\"article:modified_time\" content=\"2022-05-02T09:54:58+00:00\" \/>\n<meta property=\"og:image\" content=\"https:\/\/gitelemanon.com\/wp-content\/uploads\/2022\/04\/petitmanoncuisine-e1649507108495.webp\" \/>\n\t<meta property=\"og:image:width\" content=\"965\" \/>\n\t<meta property=\"og:image:height\" content=\"586\" \/>\n\t<meta property=\"og:image:type\" content=\"image\/webp\" \/>\n<meta name=\"twitter:card\" content=\"summary_large_image\" \/>\n<meta name=\"twitter:label1\" content=\"Dur\u00e9e de lecture estim\u00e9e\" \/>\n\t<meta name=\"twitter:data1\" content=\"1 minute\" \/>\n<script type=\"application\/ld+json\" class=\"yoast-schema-graph\">{\"@context\":\"https:\/\/schema.org\",\"@graph\":[{\"@type\":\"WebPage\",\"@id\":\"https:\/\/gitelemanon.com\/index.php\/le-petit-manon\/\",\"url\":\"https:\/\/gitelemanon.com\/index.php\/le-petit-manon\/\",\"name\":\"Le petit Manon - Gite le Manon Haut Jura\",\"isPartOf\":{\"@id\":\"https:\/\/gitelemanon.com\/#website\"},\"primaryImageOfPage\":{\"@id\":\"https:\/\/gitelemanon.com\/index.php\/le-petit-manon\/#primaryimage\"},\"image\":{\"@id\":\"https:\/\/gitelemanon.com\/index.php\/le-petit-manon\/#primaryimage\"},\"thumbnailUrl\":\"https:\/\/gitelemanon.com\/wp-content\/uploads\/2022\/04\/petitmanoncuisine-e1649507108495.webp\",\"datePublished\":\"2022-04-15T06:23:56+00:00\",\"dateModified\":\"2022-05-02T09:54:58+00:00\",\"breadcrumb\":{\"@id\":\"https:\/\/gitelemanon.com\/index.php\/le-petit-manon\/#breadcrumb\"},\"inLanguage\":\"fr-FR\",\"potentialAction\":[{\"@type\":\"ReadAction\",\"target\":[\"https:\/\/gitelemanon.com\/index.php\/le-petit-manon\/\"]}]},{\"@type\":\"ImageObject\",\"inLanguage\":\"fr-FR\",\"@id\":\"https:\/\/gitelemanon.com\/index.php\/le-petit-manon\/#primaryimage\",\"url\":\"https:\/\/gitelemanon.com\/wp-content\/uploads\/2022\/04\/petitmanoncuisine-e1649507108495.webp\",\"contentUrl\":\"https:\/\/gitelemanon.com\/wp-content\/uploads\/2022\/04\/petitmanoncuisine-e1649507108495.webp\",\"width\":965,\"height\":586,\"caption\":\"cuisine du petit Manon\"},{\"@type\":\"BreadcrumbList\",\"@id\":\"https:\/\/gitelemanon.com\/index.php\/le-petit-manon\/#breadcrumb\",\"itemListElement\":[{\"@type\":\"ListItem\",\"position\":1,\"name\":\"Accueil\",\"item\":\"https:\/\/gitelemanon.com\/\"},{\"@type\":\"ListItem\",\"position\":2,\"name\":\"Le petit Manon\"}]},{\"@type\":\"WebSite\",\"@id\":\"https:\/\/gitelemanon.com\/#website\",\"url\":\"https:\/\/gitelemanon.com\/\",\"name\":\"Gite le Manon Haut Jura\",\"description\":\"Vos vacances nature\",\"potentialAction\":[{\"@type\":\"SearchAction\",\"target\":{\"@type\":\"EntryPoint\",\"urlTemplate\":\"https:\/\/gitelemanon.com\/?s={search_term_string}\"},\"query-input\":{\"@type\":\"PropertyValueSpecification\",\"valueRequired\":true,\"valueName\":\"search_term_string\"}}],\"inLanguage\":\"fr-FR\"}]}<\/script>\n<!-- \/ Yoast SEO plugin. -->","yoast_head_json":{"title":"Le petit Manon - Gite le Manon Haut Jura","robots":{"index":"index","follow":"follow","max-snippet":"max-snippet:-1","max-image-preview":"max-image-preview:large","max-video-preview":"max-video-preview:-1"},"canonical":"https:\/\/gitelemanon.com\/index.php\/le-petit-manon\/","og_locale":"fr_FR","og_type":"article","og_title":"Le petit Manon - Gite le Manon Haut Jura","og_description":"Vous \u00eates ici dans l&rsquo;ancien appartement du berger. Il s&rsquo;agit d&rsquo;un 2 pi\u00e8ces situ\u00e9 en rez de chauss\u00e9e d&rsquo;une superficie de 35m2 et d une capacit\u00e9 de 4 personnes Vous y trouverez: Une pi\u00e8ce \u00e0 vivre avec un coin cuisine \u00e9quip\u00e9 (plaques vitroc\u00e9ramiques, mini four, micro ondes, grille pain, cafeti\u00e8re&#8230;) [&hellip;]","og_url":"https:\/\/gitelemanon.com\/index.php\/le-petit-manon\/","og_site_name":"Gite le Manon Haut Jura","article_modified_time":"2022-05-02T09:54:58+00:00","og_image":[{"width":965,"height":586,"url":"https:\/\/gitelemanon.com\/wp-content\/uploads\/2022\/04\/petitmanoncuisine-e1649507108495.webp","type":"image\/webp"}],"twitter_card":"summary_large_image","twitter_misc":{"Dur\u00e9e de lecture estim\u00e9e":"1 minute"},"schema":{"@context":"https:\/\/schema.org","@graph":[{"@type":"WebPage","@id":"https:\/\/gitelemanon.com\/index.php\/le-petit-manon\/","url":"https:\/\/gitelemanon.com\/index.php\/le-petit-manon\/","name":"Le petit Manon - Gite le Manon Haut Jura","isPartOf":{"@id":"https:\/\/gitelemanon.com\/#website"},"primaryImageOfPage":{"@id":"https:\/\/gitelemanon.com\/index.php\/le-petit-manon\/#primaryimage"},"image":{"@id":"https:\/\/gitelemanon.com\/index.php\/le-petit-manon\/#primaryimage"},"thumbnailUrl":"https:\/\/gitelemanon.com\/wp-content\/uploads\/2022\/04\/petitmanoncuisine-e1649507108495.webp","datePublished":"2022-04-15T06:23:56+00:00","dateModified":"2022-05-02T09:54:58+00:00","breadcrumb":{"@id":"https:\/\/gitelemanon.com\/index.php\/le-petit-manon\/#breadcrumb"},"inLanguage":"fr-FR","potentialAction":[{"@type":"ReadAction","target":["https:\/\/gitelemanon.com\/index.php\/le-petit-manon\/"]}]},{"@type":"ImageObject","inLanguage":"fr-FR","@id":"https:\/\/gitelemanon.com\/index.php\/le-petit-manon\/#primaryimage","url":"https:\/\/gitelemanon.com\/wp-content\/uploads\/2022\/04\/petitmanoncuisine-e1649507108495.webp","contentUrl":"https:\/\/gitelemanon.com\/wp-content\/uploads\/2022\/04\/petitmanoncuisine-e1649507108495.webp","width":965,"height":586,"caption":"cuisine du petit Manon"},{"@type":"BreadcrumbList","@id":"https:\/\/gitelemanon.com\/index.php\/le-petit-manon\/#breadcrumb","itemListElement":[{"@type":"ListItem","position":1,"name":"Accueil","item":"https:\/\/gitelemanon.com\/"},{"@type":"ListItem","position":2,"name":"Le petit Manon"}]},{"@type":"WebSite","@id":"https:\/\/gitelemanon.com\/#website","url":"https:\/\/gitelemanon.com\/","name":"Gite le Manon Haut Jura","description":"Vos vacances nature","potentialAction":[{"@type":"SearchAction","target":{"@type":"EntryPoint","urlTemplate":"https:\/\/gitelemanon.com\/?s={search_term_string}"},"query-input":{"@type":"PropertyValueSpecification","valueRequired":true,"valueName":"search_term_string"}}],"inLanguage":"fr-FR"}]}},"_links":{"self":[{"href":"https:\/\/gitelemanon.com\/index.php\/wp-json\/wp\/v2\/pages\/4","targetHints":{"allow":["GET"]}}],"collection":[{"href":"https:\/\/gitelemanon.com\/index.php\/wp-json\/wp\/v2\/pages"}],"about":[{"href":"https:\/\/gitelemanon.com\/index.php\/wp-json\/wp\/v2\/types\/page"}],"author":[{"embeddable":true,"href":"https:\/\/gitelemanon.com\/index.php\/wp-json\/wp\/v2\/users\/1"}],"replies":[{"embeddable":true,"href":"https:\/\/gitelemanon.com\/index.php\/wp-json\/wp\/v2\/comments?post=4"}],"version-history":[{"count":4,"href":"https:\/\/gitelemanon.com\/index.php\/wp-json\/wp\/v2\/pages\/4\/revisions"}],"predecessor-version":[{"id":160,"href":"https:\/\/gitelemanon.com\/index.php\/wp-json\/wp\/v2\/pages\/4\/revisions\/160"}],"wp:featuredmedia":[{"embeddable":true,"href":"https:\/\/gitelemanon.com\/index.php\/wp-json\/wp\/v2\/media\/95"}],"wp:attachment":[{"href":"https:\/\/gitelemanon.com\/index.php\/wp-json\/wp\/v2\/media?parent=4"}],"curies":[{"name":"wp","href":"https:\/\/api.w.org\/{rel}","templated":true}]}}