{"id":56,"date":"2022-04-09T12:05:08","date_gmt":"2022-04-09T10:05:08","guid":{"rendered":"http:\/\/gitelemanon.com\/?page_id=56"},"modified":"2025-09-20T17:33:44","modified_gmt":"2025-09-20T15:33:44","slug":"gite-familiale-dans-le-haut-jura","status":"publish","type":"page","link":"https:\/\/gitelemanon.com\/","title":{"rendered":"G\u00eete le Manon"},"content":{"rendered":"\n<div class=\"wp-block-cover alignfull is-light hestia-clear-top-padding\"><span aria-hidden=\"true\" class=\"wp-block-cover__background has-white-background-color has-background-dim-100 has-background-dim\"><\/span><div class=\"wp-block-cover__inner-container is-layout-flow wp-block-cover-is-layout-flow\">\n<h2 class=\"wp-block-heading has-text-align-center has-text-color\" style=\"color:#3c4858\">Au coeur du Haut-Jura<\/h2>\n\n\n\n<div style=\"height:40px\" aria-hidden=\"true\" class=\"wp-block-spacer\"><\/div>\n\n\n\n<p>G\u00eete familiale dans le haut-jura, situ\u00e9 au beau milieu des hautes-combes du jura avec vue sur la d\u00f4le et au pied des pistes. Vous chaussez vos skis depuis la maison.<\/p>\n\n\n\n<p>D&rsquo;un c\u00f4t\u00e9 la f\u00f4ret du massacre qui est le secteur le plus enneig\u00e9 du haut-jura et de l&rsquo;autre l&rsquo;acc\u00e8s aux grandes \u00e9tendues de Bellecombe , la pesse &#8230;.<\/p>\n\n\n\n<p>Loin des centres touristiques c&rsquo;est le lieu id\u00e9al pour l&rsquo;observation de la faune et de la flore.<\/p>\n\n\n\n<p>Vous \u00eates \u00e0 5km de lamoura, 15km des rousses.<\/p>\n\n\n\n<p>Randonnez sur les Monts jura et profitez de la magnifique vue sur la cha\u00eene des alpes, le Mont Blanc avec le lac L\u00e9man \u00e0 ses pieds.<\/p>\n\n\n\n<p>D\u00e9tendez vous aux bords des lacs jurassiens (ilay, chalain, maclu, &#8230;) , un petit air du Canada !<\/p>\n\n\n\n<div class=\"wp-block-columns container is-layout-flex wp-container-core-columns-is-layout-28f84493 wp-block-columns-is-layout-flex\">\n<div class=\"wp-block-column is-layout-flow wp-block-column-is-layout-flow\">\n<p class=\"has-text-align-center\"><strong>Grand g\u00eete familial<\/strong><\/p>\n\n\n\n<p class=\"has-text-align-center has-text-color\" style=\"color:#999999;font-size:14px\"><strong>r\u00e9nov\u00e9 et confortable<\/strong><\/p>\n\n\n\n<figure class=\"wp-block-gallery aligncenter has-nested-images columns-default is-cropped wp-block-gallery-1 is-layout-flex wp-block-gallery-is-layout-flex\">\n<figure class=\"wp-block-image size-large is-style-rounded\"><img loading=\"lazy\" decoding=\"async\" width=\"1024\" height=\"768\" data-id=\"99\" src=\"https:\/\/gitelemanon.com\/wp-content\/uploads\/2022\/04\/manongite.webp\" alt=\"\" class=\"wp-image-99\" srcset=\"https:\/\/gitelemanon.com\/wp-content\/uploads\/2022\/04\/manongite.webp 1024w, https:\/\/gitelemanon.com\/wp-content\/uploads\/2022\/04\/manongite-300x225.webp 300w, https:\/\/gitelemanon.com\/wp-content\/uploads\/2022\/04\/manongite-768x576.webp 768w\" sizes=\"auto, (max-width: 1024px) 100vw, 1024px\" \/><\/figure>\n<\/figure>\n\n\n\n<div style=\"height:25px\" aria-hidden=\"true\" class=\"wp-block-spacer\"><\/div>\n<\/div>\n\n\n\n<div class=\"wp-block-column is-layout-flow wp-block-column-is-layout-flow\">\n<p class=\"has-text-align-center\"><strong>Au coeur du Haut jura<\/strong><\/p>\n\n\n\n<p class=\"has-text-align-center has-text-color\" style=\"color:#999999;font-size:14px\"><strong>au calme et en altitude<\/strong><\/p>\n\n\n\n<figure class=\"wp-block-gallery aligncenter has-nested-images columns-default is-cropped wp-block-gallery-2 is-layout-flex wp-block-gallery-is-layout-flex\">\n<figure class=\"wp-block-image size-large is-style-rounded\"><img loading=\"lazy\" decoding=\"async\" width=\"1024\" height=\"683\" data-id=\"91\" src=\"https:\/\/gitelemanon.com\/wp-content\/uploads\/2022\/04\/laclamoura.webp\" alt=\"\" class=\"wp-image-91\" srcset=\"https:\/\/gitelemanon.com\/wp-content\/uploads\/2022\/04\/laclamoura.webp 1024w, https:\/\/gitelemanon.com\/wp-content\/uploads\/2022\/04\/laclamoura-300x200.webp 300w, https:\/\/gitelemanon.com\/wp-content\/uploads\/2022\/04\/laclamoura-768x512.webp 768w, https:\/\/gitelemanon.com\/wp-content\/uploads\/2022\/04\/laclamoura-360x240.webp 360w\" sizes=\"auto, (max-width: 1024px) 100vw, 1024px\" \/><\/figure>\n<\/figure>\n\n\n\n<div style=\"height:25px\" aria-hidden=\"true\" class=\"wp-block-spacer\"><\/div>\n<\/div>\n\n\n\n<div class=\"wp-block-column is-layout-flow wp-block-column-is-layout-flow\">\n<p class=\"has-text-align-center\"><strong>Activit\u00e9s vari\u00e9es<\/strong><\/p>\n\n\n\n<p class=\"has-text-align-center has-text-color\" style=\"color:#999999;font-size:14px\"><strong>Pistes de ski et sentiers de randonn\u00e9es sur place<\/strong><\/p>\n\n\n\n<figure class=\"wp-block-gallery aligncenter has-nested-images columns-default is-cropped wp-block-gallery-3 is-layout-flex wp-block-gallery-is-layout-flex\">\n<figure class=\"wp-block-image size-large is-style-rounded\"><img loading=\"lazy\" decoding=\"async\" width=\"1024\" height=\"768\" data-id=\"89\" src=\"https:\/\/gitelemanon.com\/wp-content\/uploads\/2022\/04\/traineaumanon.webp\" alt=\"\" class=\"wp-image-89\" srcset=\"https:\/\/gitelemanon.com\/wp-content\/uploads\/2022\/04\/traineaumanon.webp 1024w, https:\/\/gitelemanon.com\/wp-content\/uploads\/2022\/04\/traineaumanon-300x225.webp 300w, https:\/\/gitelemanon.com\/wp-content\/uploads\/2022\/04\/traineaumanon-768x576.webp 768w\" sizes=\"auto, (max-width: 1024px) 100vw, 1024px\" \/><\/figure>\n<\/figure>\n\n\n\n<div style=\"height:25px\" aria-hidden=\"true\" class=\"wp-block-spacer\"><\/div>\n<\/div>\n<\/div>\n\n\n\n<div style=\"height:40px\" aria-hidden=\"true\" class=\"wp-block-spacer\"><\/div>\n<\/div><\/div>\n\n\n\n<div class=\"wp-block-columns container is-layout-flex wp-container-core-columns-is-layout-28f84493 wp-block-columns-is-layout-flex\">\n<div class=\"wp-block-column is-layout-flow wp-block-column-is-layout-flow\"><\/div>\n\n\n\n<div class=\"wp-block-column is-layout-flow wp-block-column-is-layout-flow\"><\/div>\n<\/div>\n\n\n\n<p><\/p>\n","protected":false},"excerpt":{"rendered":"","protected":false},"author":1,"featured_media":98,"parent":0,"menu_order":0,"comment_status":"closed","ping_status":"closed","template":"","meta":{"om_disable_all_campaigns":false,"_monsterinsights_skip_tracking":false,"_monsterinsights_sitenote_active":false,"_monsterinsights_sitenote_note":"","_monsterinsights_sitenote_category":0,"footnotes":""},"class_list":["post-56","page","type-page","status-publish","has-post-thumbnail","hentry"],"aioseo_notices":[],"yoast_head":"<!-- This site is optimized with the Yoast SEO plugin v25.9 - https:\/\/yoast.com\/wordpress\/plugins\/seo\/ -->\n<title>G\u00eete le Manon - Gite le Manon Haut Jura<\/title>\n<meta name=\"description\" content=\"G\u00eete familiale, modulable et tout confort, au c\u0153ur du Haut-Jura . Au pied des sentiers de randonn\u00e9es et des pistes de ski de fond.\" \/>\n<meta name=\"robots\" content=\"index, follow, max-snippet:-1, max-image-preview:large, max-video-preview:-1\" \/>\n<link rel=\"canonical\" href=\"https:\/\/gitelemanon.com\/\" \/>\n<meta property=\"og:locale\" content=\"fr_FR\" \/>\n<meta property=\"og:type\" content=\"article\" \/>\n<meta property=\"og:title\" content=\"G\u00eete le Manon - Gite le Manon Haut Jura\" \/>\n<meta property=\"og:description\" content=\"G\u00eete familiale, modulable et tout confort, au c\u0153ur du Haut-Jura . Au pied des sentiers de randonn\u00e9es et des pistes de ski de fond.\" \/>\n<meta property=\"og:url\" content=\"https:\/\/gitelemanon.com\/\" \/>\n<meta property=\"og:site_name\" content=\"Gite le Manon Haut Jura\" \/>\n<meta property=\"article:modified_time\" content=\"2025-09-20T15:33:44+00:00\" \/>\n<meta property=\"og:image\" content=\"https:\/\/gitelemanon.com\/wp-content\/uploads\/2022\/04\/manongite1-e1649511303686.webp\" \/>\n\t<meta property=\"og:image:width\" content=\"857\" \/>\n\t<meta property=\"og:image:height\" content=\"665\" \/>\n\t<meta property=\"og:image:type\" content=\"image\/webp\" \/>\n<meta name=\"twitter:card\" content=\"summary_large_image\" \/>\n<meta name=\"twitter:label1\" content=\"Dur\u00e9e de lecture estim\u00e9e\" \/>\n\t<meta name=\"twitter:data1\" content=\"2 minutes\" \/>\n<script type=\"application\/ld+json\" class=\"yoast-schema-graph\">{\"@context\":\"https:\/\/schema.org\",\"@graph\":[{\"@type\":\"WebPage\",\"@id\":\"https:\/\/gitelemanon.com\/\",\"url\":\"https:\/\/gitelemanon.com\/\",\"name\":\"G\u00eete le Manon - Gite le Manon Haut Jura\",\"isPartOf\":{\"@id\":\"https:\/\/gitelemanon.com\/#website\"},\"primaryImageOfPage\":{\"@id\":\"https:\/\/gitelemanon.com\/#primaryimage\"},\"image\":{\"@id\":\"https:\/\/gitelemanon.com\/#primaryimage\"},\"thumbnailUrl\":\"https:\/\/gitelemanon.com\/wp-content\/uploads\/2022\/04\/manongite1-e1649511303686.webp\",\"datePublished\":\"2022-04-09T10:05:08+00:00\",\"dateModified\":\"2025-09-20T15:33:44+00:00\",\"description\":\"G\u00eete familiale, modulable et tout confort, au c\u0153ur du Haut-Jura . Au pied des sentiers de randonn\u00e9es et des pistes de ski de fond.\",\"breadcrumb\":{\"@id\":\"https:\/\/gitelemanon.com\/#breadcrumb\"},\"inLanguage\":\"fr-FR\",\"potentialAction\":[{\"@type\":\"ReadAction\",\"target\":[\"https:\/\/gitelemanon.com\/\"]}]},{\"@type\":\"ImageObject\",\"inLanguage\":\"fr-FR\",\"@id\":\"https:\/\/gitelemanon.com\/#primaryimage\",\"url\":\"https:\/\/gitelemanon.com\/wp-content\/uploads\/2022\/04\/manongite1-e1649511303686.webp\",\"contentUrl\":\"https:\/\/gitelemanon.com\/wp-content\/uploads\/2022\/04\/manongite1-e1649511303686.webp\",\"width\":857,\"height\":665,\"caption\":\"chalet gite le Manon en hiver\"},{\"@type\":\"BreadcrumbList\",\"@id\":\"https:\/\/gitelemanon.com\/#breadcrumb\",\"itemListElement\":[{\"@type\":\"ListItem\",\"position\":1,\"name\":\"Accueil\",\"item\":\"https:\/\/gitelemanon.com\/\"},{\"@type\":\"ListItem\",\"position\":2,\"name\":\"G\u00eete le Manon\"}]},{\"@type\":\"WebSite\",\"@id\":\"https:\/\/gitelemanon.com\/#website\",\"url\":\"https:\/\/gitelemanon.com\/\",\"name\":\"Gite le Manon Haut Jura\",\"description\":\"Vos vacances nature\",\"potentialAction\":[{\"@type\":\"SearchAction\",\"target\":{\"@type\":\"EntryPoint\",\"urlTemplate\":\"https:\/\/gitelemanon.com\/?s={search_term_string}\"},\"query-input\":{\"@type\":\"PropertyValueSpecification\",\"valueRequired\":true,\"valueName\":\"search_term_string\"}}],\"inLanguage\":\"fr-FR\"}]}<\/script>\n<!-- \/ Yoast SEO plugin. -->","yoast_head_json":{"title":"G\u00eete le Manon - Gite le Manon Haut Jura","description":"G\u00eete familiale, modulable et tout confort, au c\u0153ur du Haut-Jura . Au pied des sentiers de randonn\u00e9es et des pistes de ski de fond.","robots":{"index":"index","follow":"follow","max-snippet":"max-snippet:-1","max-image-preview":"max-image-preview:large","max-video-preview":"max-video-preview:-1"},"canonical":"https:\/\/gitelemanon.com\/","og_locale":"fr_FR","og_type":"article","og_title":"G\u00eete le Manon - Gite le Manon Haut Jura","og_description":"G\u00eete familiale, modulable et tout confort, au c\u0153ur du Haut-Jura . Au pied des sentiers de randonn\u00e9es et des pistes de ski de fond.","og_url":"https:\/\/gitelemanon.com\/","og_site_name":"Gite le Manon Haut Jura","article_modified_time":"2025-09-20T15:33:44+00:00","og_image":[{"width":857,"height":665,"url":"https:\/\/gitelemanon.com\/wp-content\/uploads\/2022\/04\/manongite1-e1649511303686.webp","type":"image\/webp"}],"twitter_card":"summary_large_image","twitter_misc":{"Dur\u00e9e de lecture estim\u00e9e":"2 minutes"},"schema":{"@context":"https:\/\/schema.org","@graph":[{"@type":"WebPage","@id":"https:\/\/gitelemanon.com\/","url":"https:\/\/gitelemanon.com\/","name":"G\u00eete le Manon - Gite le Manon Haut Jura","isPartOf":{"@id":"https:\/\/gitelemanon.com\/#website"},"primaryImageOfPage":{"@id":"https:\/\/gitelemanon.com\/#primaryimage"},"image":{"@id":"https:\/\/gitelemanon.com\/#primaryimage"},"thumbnailUrl":"https:\/\/gitelemanon.com\/wp-content\/uploads\/2022\/04\/manongite1-e1649511303686.webp","datePublished":"2022-04-09T10:05:08+00:00","dateModified":"2025-09-20T15:33:44+00:00","description":"G\u00eete familiale, modulable et tout confort, au c\u0153ur du Haut-Jura . Au pied des sentiers de randonn\u00e9es et des pistes de ski de fond.","breadcrumb":{"@id":"https:\/\/gitelemanon.com\/#breadcrumb"},"inLanguage":"fr-FR","potentialAction":[{"@type":"ReadAction","target":["https:\/\/gitelemanon.com\/"]}]},{"@type":"ImageObject","inLanguage":"fr-FR","@id":"https:\/\/gitelemanon.com\/#primaryimage","url":"https:\/\/gitelemanon.com\/wp-content\/uploads\/2022\/04\/manongite1-e1649511303686.webp","contentUrl":"https:\/\/gitelemanon.com\/wp-content\/uploads\/2022\/04\/manongite1-e1649511303686.webp","width":857,"height":665,"caption":"chalet gite le Manon en hiver"},{"@type":"BreadcrumbList","@id":"https:\/\/gitelemanon.com\/#breadcrumb","itemListElement":[{"@type":"ListItem","position":1,"name":"Accueil","item":"https:\/\/gitelemanon.com\/"},{"@type":"ListItem","position":2,"name":"G\u00eete le Manon"}]},{"@type":"WebSite","@id":"https:\/\/gitelemanon.com\/#website","url":"https:\/\/gitelemanon.com\/","name":"Gite le Manon Haut Jura","description":"Vos vacances nature","potentialAction":[{"@type":"SearchAction","target":{"@type":"EntryPoint","urlTemplate":"https:\/\/gitelemanon.com\/?s={search_term_string}"},"query-input":{"@type":"PropertyValueSpecification","valueRequired":true,"valueName":"search_term_string"}}],"inLanguage":"fr-FR"}]}},"_links":{"self":[{"href":"https:\/\/gitelemanon.com\/index.php\/wp-json\/wp\/v2\/pages\/56","targetHints":{"allow":["GET"]}}],"collection":[{"href":"https:\/\/gitelemanon.com\/index.php\/wp-json\/wp\/v2\/pages"}],"about":[{"href":"https:\/\/gitelemanon.com\/index.php\/wp-json\/wp\/v2\/types\/page"}],"author":[{"embeddable":true,"href":"https:\/\/gitelemanon.com\/index.php\/wp-json\/wp\/v2\/users\/1"}],"replies":[{"embeddable":true,"href":"https:\/\/gitelemanon.com\/index.php\/wp-json\/wp\/v2\/comments?post=56"}],"version-history":[{"count":11,"href":"https:\/\/gitelemanon.com\/index.php\/wp-json\/wp\/v2\/pages\/56\/revisions"}],"predecessor-version":[{"id":214,"href":"https:\/\/gitelemanon.com\/index.php\/wp-json\/wp\/v2\/pages\/56\/revisions\/214"}],"wp:featuredmedia":[{"embeddable":true,"href":"https:\/\/gitelemanon.com\/index.php\/wp-json\/wp\/v2\/media\/98"}],"wp:attachment":[{"href":"https:\/\/gitelemanon.com\/index.php\/wp-json\/wp\/v2\/media?parent=56"}],"curies":[{"name":"wp","href":"https:\/\/api.w.org\/{rel}","templated":true}]}}